{"id":3096,"date":"2018-08-14T15:00:46","date_gmt":"2018-08-14T15:00:46","guid":{"rendered":"http:\/\/www.ankamakina.com.tr\/mysite\/?page_id=3096"},"modified":"2018-11-15T10:44:10","modified_gmt":"2018-11-15T10:44:10","slug":"kiralama-ve-2-el","status":"publish","type":"page","link":"https:\/\/www.ankajenerator.com.tr\/?page_id=3096","title":{"rendered":"Kiralama ve 2. El"},"content":{"rendered":"<p>[vc_row][vc_column width=&#8221;1\/2&#8243;][vc_column_text]Anka Makina Jenerat\u00f6r Kiralama, benzinli ve dizel jenerat\u00f6r gruplar\u0131ndan olu\u015fan geni\u015f \u00fcr\u00fcn yelpazesi ve deneyimli kadrosu ile kiral\u0131k jenerat\u00f6r ihtiya\u00e7lar\u0131n\u0131 \u0130stanbul merkez ofisinden kar\u015f\u0131lamaktad\u0131r.<\/p>\n<p>D\u00f6nemsel ve s\u00fcrekli enerji ihtiya\u00e7lar\u0131n\u0131z\u0131 kar\u015f\u0131lamada; ke\u015fif, montaj, servis ve nakliye \u00e7\u00f6z\u00fcmleri ile paket servis sunabilen Anka Makina Jenerat\u00f6rler Kiralama, 1 kVA \u2013 2500 kVA aras\u0131nda T\u00fcrkiye\u2019nin en b\u00fcy\u00fck jenerat\u00f6r filosuyla hizmet vermektedir.<\/p>\n<p>Anka Makina Kiral\u0131k Mobil Jenerat\u00f6rler, T\u00fcrkiye&#8217;de ilk defa acil enerji gereken durumlar i\u00e7in dizayn edilmi\u015f olup, 400 kVA&#8217;ya kadar tek mobil jenerat\u00f6r ile, 1200 kVA&#8217;ya kadar kullan\u0131c\u0131 sahas\u0131na ula\u015fmalar\u0131na takiben senkron vaziyette enerji verebilmektedirler. Mobil Jenerat\u00f6rler m\u00fckemmel ses yal\u0131t\u0131m sistemleri sayesinde \u201cS\u00fcper Sessiz\u201d \u00e7al\u0131\u015fma \u00f6zelli\u011fi ve konusunda uzman personeli ile kullan\u0131c\u0131lar\u0131n hizmetine sunulmu\u015f, k\u0131sa s\u00fcrede m\u00fc\u015fterilerimizin vazge\u00e7ilmezi haline gelmi\u015ftir.[\/vc_column_text][\/vc_column][vc_column width=&#8221;1\/2&#8243;][vc_single_image image=&#8221;3259&#8243;][\/vc_column][\/vc_row][vc_row][vc_column][vc_empty_space height=&#8221;150px&#8221;][\/vc_column][\/vc_row][vc_row][vc_column width=&#8221;1\/2&#8243;][vc_column_text]Kalite kontrol testlerinden ge\u00e7irilmi\u015f ve b\u00fct\u00fcn bak\u0131mlar\u0131 yap\u0131lm\u0131\u015f jenerat\u00f6r gruplar\u0131 2. El Departman\u0131m\u0131z taraf\u0131ndan sat\u0131\u015fa sunulmakta ve sat\u0131lan 2. el jenerat\u00f6r gruplar\u0131 periyodik bak\u0131m anla\u015fmas\u0131 ile birlikte garanti kapsam\u0131na al\u0131nmaktad\u0131r. Ayr\u0131ca m\u00fc\u015fteri iste\u011fi do\u011frultusunda, eski jenerat\u00f6r\u00fc yerinden alarak en uygun g\u00fc\u00e7te yeni jenerat\u00f6r ile de\u011fi\u015ftirme hizmeti de verilmektedir.<\/p>\n<p>&nbsp;<\/p>\n<p>2. El jenerat\u00f6r al\u0131m-sat\u0131m\u0131nda neden Anka Makina ?<\/p>\n<ul>\n<li>Sekt\u00f6r\u00fcn\u00fcn lider firmas\u0131 Anka Makina tecr\u00fcbesi ve g\u00fcvencesi<\/li>\n<li>2. El jenerat\u00f6r sat\u0131\u015f\u0131ndan \u00f6nce kalite kontrol testleri<\/li>\n<li>Konusunda uzman teknik ekip hizmeti<\/li>\n<li>Onaylanan \u00fcr\u00fcnlerin de\u011ferinde sat\u0131\u015fa sunulmas\u0131<\/li>\n<li>Sat\u0131\u015f sonras\u0131 tam destek<\/li>\n<li>Garantili 2. El jenerat\u00f6rler<\/li>\n<li>Yedek par\u00e7a deste\u011fi<\/li>\n<li>Yetkili servis ile an\u0131nda \u00e7\u00f6z\u00fcm<\/li>\n<\/ul>\n<p>[\/vc_column_text][\/vc_column][vc_column width=&#8221;1\/2&#8243;][vc_single_image image=&#8221;3260&#8243;][\/vc_column][\/vc_row]<\/p>\n","protected":false},"excerpt":{"rendered":"<p>[vc_row][vc_column width=&#8221;1\/2&#8243;][vc_column_text]Anka Makina Jenerat\u00f6r Kiralama, benzinli ve dizel jenerat\u00f6r gruplar\u0131ndan olu\u015fan geni\u015f \u00fcr\u00fcn yelpazesi ve deneyimli kadrosu ile kiral\u0131k jenerat\u00f6r ihtiya\u00e7lar\u0131n\u0131 \u0130stanbul merkez ofisinden kar\u015f\u0131lamaktad\u0131r. D\u00f6nemsel ve s\u00fcrekli enerji ihtiya\u00e7lar\u0131n\u0131z\u0131 kar\u015f\u0131lamada; ke\u015fif, montaj, servis ve [&#8230;]<\/p>\n<p><a class=\"more-link btn btn-default btn-sm\" href=\"https:\/\/www.ankajenerator.com.tr\/?page_id=3096\">Continue Reading<\/a><\/p>\n","protected":false},"author":1,"featured_media":0,"parent":0,"menu_order":0,"comment_status":"closed","ping_status":"closed","template":"","meta":{"footnotes":""},"class_list":["post-3096","page","type-page","status-publish","hentry"],"_links":{"self":[{"href":"https:\/\/www.ankajenerator.com.tr\/index.php?rest_route=\/wp\/v2\/pages\/3096","targetHints":{"allow":["GET"]}}],"collection":[{"href":"https:\/\/www.ankajenerator.com.tr\/index.php?rest_route=\/wp\/v2\/pages"}],"about":[{"href":"https:\/\/www.ankajenerator.com.tr\/index.php?rest_route=\/wp\/v2\/types\/page"}],"author":[{"embeddable":true,"href":"https:\/\/www.ankajenerator.com.tr\/index.php?rest_route=\/wp\/v2\/users\/1"}],"replies":[{"embeddable":true,"href":"https:\/\/www.ankajenerator.com.tr\/index.php?rest_route=%2Fwp%2Fv2%2Fcomments&post=3096"}],"version-history":[{"count":8,"href":"https:\/\/www.ankajenerator.com.tr\/index.php?rest_route=\/wp\/v2\/pages\/3096\/revisions"}],"predecessor-version":[{"id":3261,"href":"https:\/\/www.ankajenerator.com.tr\/index.php?rest_route=\/wp\/v2\/pages\/3096\/revisions\/3261"}],"wp:attachment":[{"href":"https:\/\/www.ankajenerator.com.tr\/index.php?rest_route=%2Fwp%2Fv2%2Fmedia&parent=3096"}],"curies":[{"name":"wp","href":"https:\/\/api.w.org\/{rel}","templated":true}]}}