{"id":3121,"date":"2018-08-14T16:58:44","date_gmt":"2018-08-14T16:58:44","guid":{"rendered":"http:\/\/www.ankamakina.com.tr\/mysite\/?page_id=3121"},"modified":"2019-12-25T12:28:56","modified_gmt":"2019-12-25T09:28:56","slug":"about-us-4-2","status":"publish","type":"page","link":"https:\/\/www.ankajenerator.com.tr\/?page_id=3121","title":{"rendered":"Hakk\u0131m\u0131zda"},"content":{"rendered":"<p>[vc_row inner_separator_top=&#8221;0&#8243; inner_separator_bottom=&#8221;0&#8243; css=&#8221;.vc_custom_1449148731181{margin-bottom: 0px !important;padding-top: 100px !important;padding-bottom: 100px !important;}&#8221;][vc_column width=&#8221;2\/3&#8243; offset=&#8221;vc_col-lg-offset-2 vc_col-md-offset-2&#8243;][vc_column_text]<\/p>\n<h5 style=\"text-align: center;\"><span style=\"color: #999999;\">Anka Makina<\/span><\/h5>\n<h1 style=\"text-align: center;\">Aksa\u2019n\u0131n en \u00e7ok portatif jenerat\u00f6r satan bayii<\/h1>\n<p>[\/vc_column_text][\/vc_column][\/vc_row][vc_row css=&#8221;.vc_custom_1440762933463{margin-bottom: 0px !important;}&#8221;][vc_column][vc_gallery images=&#8221;3311,3130,3129,3203&#8243; autoplay=&#8221;3000&#8243; navigation=&#8221;nav_bullets&#8221; onclick=&#8221;link_no&#8221; img_size=&#8221;1200&#215;700&#8243;][\/vc_column][\/vc_row][vc_row inner_separator_top=&#8221;0&#8243; inner_separator_bottom=&#8221;0&#8243; css=&#8221;.vc_custom_1474374263956{margin-bottom: 0px !important;padding-top: 100px !important;padding-bottom: 100px !important;}&#8221;][vc_column width=&#8221;2\/3&#8243; offset=&#8221;vc_col-lg-offset-2 vc_col-md-offset-2&#8243;][vc_column_text]<\/p>\n<h3>1 May\u0131s 1997 tarihinde kurulan <strong>ANKA MAK\u0130NA JENERAT\u00d6R T\u0130CARET VE SANAY\u0130 A.\u015e<\/strong> o tarihten bug\u00fcne AKSA JENERAT\u00d6R\u2019\u00fcn sat\u0131\u015f, servis, yedek par\u00e7a, 2.El ve kiralama hizmetlerini vermektedir.<\/h3>\n<h3>Toplam 30 ki\u015filik kadromuz, 13 adedi jenerat\u00f6r servis hizmet arac\u0131 olmak \u00fczere 18 ara\u00e7l\u0131k filomuz, 5 sat\u0131\u015f m\u00fchendisi ve 15 jenerat\u00f6r teknisyeni ile her an yan\u0131ba\u015f\u0131n\u0131zday\u0131z.<\/h3>\n<h3>\u0130stanbul\u2019da AKSA\u2019n\u0131n en etkili ve h\u0131zl\u0131 servisiyiz.<\/h3>\n<h3>2000 adedin \u00fczerinde AKSA jenerat\u00f6r\u00fcn y\u0131ll\u0131k d\u00fczenli periyodik bak\u0131m\u0131n\u0131 ger\u00e7ekle\u015ftiriyoruz.<\/h3>\n<h3>Faaliyette oldu\u011fumuz s\u00fcre i\u00e7inde AKSA\u2019dan ald\u0131\u011f\u0131m\u0131z muhtelif birincilik, ikincilik \u00f6d\u00fclleri saymakla bitmez. Jenerat\u00f6r sat\u0131\u015f liginin hep \u00fcst s\u0131ralar\u0131nda yer ald\u0131k.<\/h3>\n<h3>Sat\u0131\u015f ve teknik servis hizmeti verdi\u011fimiz birka\u00e7 kurumu referans olarak belirtmemiz firmam\u0131z hakk\u0131nda sizlere fikir verecektir.<\/h3>\n<h3>Yavuz Sultan Selim K\u00f6pr\u00fcs\u00fc\u00a0\u00a0\u00a0\u00a0\u00a0\u00a0 (4 x 2500 kva)<\/h3>\n<h3>Vodafone Arena\u00a0 \u00a0 \u00a0 \u00a0 \u00a0 \u00a0 \u00a0 \u00a0 \u00a0 \u00a0 \u00a0 \u00a0 \u00a0 \u00a0 \u00a0 \u00a0(4 x 1650 kva )<\/h3>\n<h3>Capitol AVM\u00a0 \u00a0 \u00a0 \u00a0 \u00a0 \u00a0 \u00a0 \u00a0 \u00a0 \u00a0 \u00a0 \u00a0 \u00a0 \u00a0 \u00a0 \u00a0 \u00a0 \u00a0 \u00a0 \u00a0(3 x 1100 kva )<\/h3>\n<h3>\u0130stanbul Onkoloji Hastanesi\u00a0 \u00a0 \u00a0 \u00a0 \u00a0(2 x 500 kva)<\/h3>\n<h3>Amerikan Hastanesi Ba\u011fdat Cd. (2 x 710 kva)<\/h3>\n<h3>\u0130stanbul Valili\u011fi\u00a0\u00a0\u00a0\u00a0\u00a0\u00a0\u00a0\u00a0\u00a0\u00a0\u00a0\u00a0\u00a0\u00a0\u00a0\u00a0\u00a0\u00a0\u00a0\u00a0\u00a0\u00a0\u00a0\u00a0\u00a0\u00a0\u00a0\u00a0\u00a0\u00a0\u00a0\u00a0 (1100 kva)<\/h3>\n<h3>Beymen Suadiye\u00a0 \u00a0 \u00a0 \u00a0 \u00a0 \u00a0 \u00a0 \u00a0 \u00a0 \u00a0 \u00a0 \u00a0 \u00a0 \u00a0 \u00a0 \u00a0(825 kva)<\/h3>\n<h3>M\u00f6venpick Hotel Silahtara\u011fa\u00a0 \u00a0 \u00a0 \u00a0(2 x 710 kva)<\/h3>\n<h3>\u0130stanbul \u00dcniversitesi\u00a0 \u00a0 \u00a0 \u00a0 \u00a0 \u00a0 \u00a0 \u00a0 \u00a0 \u00a0 \u00a0 \u00a0 (muhtelif)<\/h3>\n<h3>Ar\u00e7elik Kad\u0131k\u00f6y\u00a0 \u00a0 \u00a0 \u00a0 \u00a0 \u00a0 \u00a0 \u00a0 \u00a0 \u00a0 \u00a0 \u00a0 \u00a0 \u00a0 \u00a0 \u00a0 \u00a0 (825 kva)<\/h3>\n<h3>Bilgi \u00dcniversitesi Dolapdere\u00a0 \u00a0 \u00a0 \u00a0 \u00a0 (770 kva)<\/h3>\n<h3>Ve de y\u00fczlerce villa, restaurant, hotel, i\u015f han\u0131, apartman, fabrika vs.<\/h3>\n<h3>Sizlerle de tan\u0131\u015fmak ve aram\u0131zda g\u00f6rmek bizim i\u00e7in mutluluk kayna\u011f\u0131 olacakt\u0131r.<\/h3>\n<h3><\/h3>\n<h3>Sayg\u0131lar\u0131m\u0131zla,<\/h3>\n<p>[\/vc_column_text][vc_text_separator style=&#8221;wave&#8221; el_width=&#8221;small&#8221; css=&#8221;.vc_custom_1474374273448{margin-top: 70px !important;margin-bottom: 0px !important;}&#8221;][\/vc_column][\/vc_row][vc_row full_width_content=&#8221;full-width&#8221; css=&#8221;.vc_custom_1440764532501{margin-bottom: 0px !important;background-color: #ffffff !important;}&#8221;][vc_column width=&#8221;1\/2&#8243;][vc_row_inner vertical_align=&#8221;middle&#8221; bg_style=&#8221;parallax&#8221; background_position=&#8221;center center&#8221; row_height=&#8221;600&#8243; css=&#8221;.vc_custom_1534268902937{background-image: url(http:\/\/www.ankamakina.com.tr\/mysite\/wp-content\/uploads\/2018\/08\/anka.jpg?id=3132) !important;background-position: center !important;background-repeat: no-repeat !important;background-size: cover !important;}&#8221; bg_overlay_color=&#8221;rgba(0,0,0,0.25)&#8221;][vc_column_inner][vc_column_text]<\/p>\n<h2 style=\"text-align: center;\"><span style=\"color: #ffffff;\">Anka Makina<\/span><\/h2>\n<p>[\/vc_column_text][\/vc_column_inner][\/vc_row_inner][\/vc_column][vc_column width=&#8221;1\/2&#8243;][vc_row_inner bg_style=&#8221;parallax&#8221; background_position=&#8221;center bottom&#8221; css=&#8221;.vc_custom_1534269531990{margin-bottom: 0px !important;margin-left: -50px !important;background-image: url(http:\/\/www.ankamakina.com.tr\/mysite\/wp-content\/uploads\/2018\/08\/fono.jpg?id=3135) !important;background-position: center !important;background-repeat: no-repeat !important;background-size: cover !important;}&#8221;][vc_column_inner][vc_empty_space height=&#8221;400&#8243;][\/vc_column_inner][\/vc_row_inner][vc_row_inner row_height=&#8221;300&#8243; css=&#8221;.vc_custom_1449148760091{padding-top: 8% !important;padding-right: 10% !important;padding-bottom: 100px !important;padding-left: 10% !important;}&#8221;][vc_column_inner][vc_column_text]<\/p>\n<h3>\u0130htiya\u00e7lar\u0131n\u0131z\u0131 biliyoruz<\/h3>\n<p class=\"h5-size\"><span style=\"color: #999999;\">\u0130ster yeni sat\u0131nalma, ister kiralama, ister ikinci el sat\u0131nalma olsun, Aksa&#8217;n\u0131n \u00fcretti\u011fi veya distrib\u00fct\u00f6rl\u00fc\u011f\u00fcn\u00fc yapt\u0131\u011f\u0131 t\u00fcm benzinli ve dizel jenerat\u00f6rlere ula\u015fabilece\u011finiz bir temas noktas\u0131 olarak sorumlulu\u011fumuzun bilincindeyiz.<\/span><\/p>\n<p class=\"h5-size\"><span style=\"color: #999999;\">Yedek par\u00e7a temini ve teknik servis hizmetinde g\u00fcvenebilece\u011finiz noktada ve ula\u015fabilece\u011finiz yerdeyiz.<\/span><\/p>\n<p>[\/vc_column_text][\/vc_column_inner][\/vc_row_inner][\/vc_column][\/vc_row]<\/p>\n","protected":false},"excerpt":{"rendered":"<p>[vc_row inner_separator_top=&#8221;0&#8243; inner_separator_bottom=&#8221;0&#8243; css=&#8221;.vc_custom_1449148731181{margin-bottom: 0px !important;padding-top: 100px !important;padding-bottom: 100px !important;}&#8221;][vc_column width=&#8221;2\/3&#8243; offset=&#8221;vc_col-lg-offset-2 vc_col-md-offset-2&#8243;][vc_column_text] Anka Makina Aksa\u2019n\u0131n en \u00e7ok portatif jenerat\u00f6r satan bayii [\/vc_column_text][\/vc_column][\/vc_row][vc_row css=&#8221;.vc_custom_1440762933463{margin-bottom: 0px !important;}&#8221;][vc_column][vc_gallery images=&#8221;3311,3130,3129,3203&#8243; autoplay=&#8221;3000&#8243; navigation=&#8221;nav_bullets&#8221; onclick=&#8221;link_no&#8221; img_size=&#8221;1200&#215;700&#8243;][\/vc_column][\/vc_row][vc_row inner_separator_top=&#8221;0&#8243; inner_separator_bottom=&#8221;0&#8243; css=&#8221;.vc_custom_1474374263956{margin-bottom: 0px [&#8230;]<\/p>\n<p><a class=\"more-link btn btn-default btn-sm\" href=\"https:\/\/www.ankajenerator.com.tr\/?page_id=3121\">Continue Reading<\/a><\/p>\n","protected":false},"author":1,"featured_media":0,"parent":376,"menu_order":0,"comment_status":"closed","ping_status":"closed","template":"template-full-width.php","meta":{"footnotes":""},"class_list":["post-3121","page","type-page","status-publish","hentry"],"_links":{"self":[{"href":"https:\/\/www.ankajenerator.com.tr\/index.php?rest_route=\/wp\/v2\/pages\/3121","targetHints":{"allow":["GET"]}}],"collection":[{"href":"https:\/\/www.ankajenerator.com.tr\/index.php?rest_route=\/wp\/v2\/pages"}],"about":[{"href":"https:\/\/www.ankajenerator.com.tr\/index.php?rest_route=\/wp\/v2\/types\/page"}],"author":[{"embeddable":true,"href":"https:\/\/www.ankajenerator.com.tr\/index.php?rest_route=\/wp\/v2\/users\/1"}],"replies":[{"embeddable":true,"href":"https:\/\/www.ankajenerator.com.tr\/index.php?rest_route=%2Fwp%2Fv2%2Fcomments&post=3121"}],"version-history":[{"count":13,"href":"https:\/\/www.ankajenerator.com.tr\/index.php?rest_route=\/wp\/v2\/pages\/3121\/revisions"}],"predecessor-version":[{"id":3351,"href":"https:\/\/www.ankajenerator.com.tr\/index.php?rest_route=\/wp\/v2\/pages\/3121\/revisions\/3351"}],"up":[{"embeddable":true,"href":"https:\/\/www.ankajenerator.com.tr\/index.php?rest_route=\/wp\/v2\/pages\/376"}],"wp:attachment":[{"href":"https:\/\/www.ankajenerator.com.tr\/index.php?rest_route=%2Fwp%2Fv2%2Fmedia&parent=3121"}],"curies":[{"name":"wp","href":"https:\/\/api.w.org\/{rel}","templated":true}]}}