{"id":3146,"date":"2018-08-15T20:27:09","date_gmt":"2018-08-15T20:27:09","guid":{"rendered":"http:\/\/www.ankamakina.com.tr\/mysite\/?page_id=3146"},"modified":"2018-08-15T20:38:46","modified_gmt":"2018-08-15T20:38:46","slug":"garanti-kosullari","status":"publish","type":"page","link":"https:\/\/www.ankajenerator.com.tr\/?page_id=3146","title":{"rendered":"Garanti Ko\u015fullar\u0131"},"content":{"rendered":"<p>[vc_row][vc_column width=&#8221;1\/2&#8243;][vc_column_text]<\/p>\n<p>https:\/\/www.ankamakina.com.tr b\u00fcnyesinde bulunan t\u00fcm \u00fcr\u00fcnler, markan\u0131n kendi \u00fcreticisi, ithalat\u00e7\u0131s\u0131 ya da distrib\u00fct\u00f6r firmalar\u0131n 2 y\u0131l veya 2000 saat garantisi alt\u0131ndad\u0131r.<\/p>\n<p>&nbsp;<\/p>\n<p>T\u00fcrkiye Cumhuriyeti resmi s\u0131n\u0131rlar\u0131 dahilinde 2 y\u0131l veya 2000 saat limitinden birinin dolmas\u0131 halinde sahip oldu\u011funuz jenerat\u00f6r garanti s\u00fcresini doldurmu\u015f say\u0131l\u0131r.<\/p>\n<p>&nbsp;<\/p>\n<p>T\u00fcrkiye Cumhuriyeti resmi s\u0131n\u0131rlar\u0131 dahilinde yetkili servisimiz taraf\u0131ndan periyodik bak\u0131mlar\u0131 yap\u0131lan garanti s\u00fcresi i\u00e7indeki jenerat\u00f6rlerin \u00fcretim kaynakl\u0131 veya malzeme kaynakl\u0131 hata ve ar\u0131zalar garantiden de\u011ferlendirilir.<\/p>\n<p>&nbsp;<\/p>\n<p>Ar\u0131zal\u0131 \u00fcr\u00fcn\u00fcn\u00fcz\u00fc faturas\u0131 veya garanti belgesi ile birlikte, detaylar\u0131n\u0131 web sitemizde bulaca\u011f\u0131n\u0131z yetkili servisimizi arayarak, garanti kapsam\u0131nda tamir veya de\u011fi\u015fim yapt\u0131rabilirsiniz.<\/p>\n<p>&nbsp;<\/p>\n<p>Seri numaras\u0131 olan \u00fcr\u00fcnlerde yetkili servisler \u00fcr\u00fcn\u00fcn seri numaras\u0131ndan garanti kapsam\u0131n\u0131 kolayl\u0131kla bulabilmekte ve onar\u0131m i\u015flemlerine ba\u015flayabilmektedir.[\/vc_column_text][\/vc_column][vc_column width=&#8221;1\/2&#8243;][\/vc_column][\/vc_row]<\/p>\n","protected":false},"excerpt":{"rendered":"<p>[vc_row][vc_column width=&#8221;1\/2&#8243;][vc_column_text] https:\/\/www.ankamakina.com.tr b\u00fcnyesinde bulunan t\u00fcm \u00fcr\u00fcnler, markan\u0131n kendi \u00fcreticisi, ithalat\u00e7\u0131s\u0131 ya da distrib\u00fct\u00f6r firmalar\u0131n 2 y\u0131l veya 2000 saat garantisi alt\u0131ndad\u0131r. &nbsp; T\u00fcrkiye Cumhuriyeti resmi s\u0131n\u0131rlar\u0131 dahilinde 2 y\u0131l veya 2000 saat limitinden birinin [&#8230;]<\/p>\n<p><a class=\"more-link btn btn-default btn-sm\" href=\"https:\/\/www.ankajenerator.com.tr\/?page_id=3146\">Continue Reading<\/a><\/p>\n","protected":false},"author":1,"featured_media":0,"parent":0,"menu_order":0,"comment_status":"closed","ping_status":"closed","template":"","meta":{"footnotes":""},"class_list":["post-3146","page","type-page","status-publish","hentry"],"_links":{"self":[{"href":"https:\/\/www.ankajenerator.com.tr\/index.php?rest_route=\/wp\/v2\/pages\/3146","targetHints":{"allow":["GET"]}}],"collection":[{"href":"https:\/\/www.ankajenerator.com.tr\/index.php?rest_route=\/wp\/v2\/pages"}],"about":[{"href":"https:\/\/www.ankajenerator.com.tr\/index.php?rest_route=\/wp\/v2\/types\/page"}],"author":[{"embeddable":true,"href":"https:\/\/www.ankajenerator.com.tr\/index.php?rest_route=\/wp\/v2\/users\/1"}],"replies":[{"embeddable":true,"href":"https:\/\/www.ankajenerator.com.tr\/index.php?rest_route=%2Fwp%2Fv2%2Fcomments&post=3146"}],"version-history":[{"count":2,"href":"https:\/\/www.ankajenerator.com.tr\/index.php?rest_route=\/wp\/v2\/pages\/3146\/revisions"}],"predecessor-version":[{"id":3148,"href":"https:\/\/www.ankajenerator.com.tr\/index.php?rest_route=\/wp\/v2\/pages\/3146\/revisions\/3148"}],"wp:attachment":[{"href":"https:\/\/www.ankajenerator.com.tr\/index.php?rest_route=%2Fwp%2Fv2%2Fmedia&parent=3146"}],"curies":[{"name":"wp","href":"https:\/\/api.w.org\/{rel}","templated":true}]}}