{"id":362,"date":"2015-09-30T10:30:17","date_gmt":"2015-09-30T10:30:17","guid":{"rendered":"http:\/\/demo.loprd.pl\/creativa\/?page_id=362"},"modified":"2020-03-26T10:30:54","modified_gmt":"2020-03-26T07:30:54","slug":"home-corporate-1","status":"publish","type":"page","link":"https:\/\/www.ankajenerator.com.tr\/","title":{"rendered":"Home &#8211; Corporate 1"},"content":{"rendered":"<p>[vc_row full_width_content=&#8221;full-width&#8221; inner_separator_top=&#8221;0&#8243; inner_separator_bottom=&#8221;0&#8243; css=&#8221;.vc_custom_1474747215788{margin-bottom: 0px !important;background-color: #252525 !important;}&#8221; row_height=&#8221;30vh&#8221;][vc_column][rev_slider_vc alias=&#8221;Anka1&#8243;][\/vc_column][\/vc_row][vc_row inner_separator_top=&#8221;0&#8243; inner_separator_bottom=&#8221;0&#8243; css=&#8221;.vc_custom_1470840231090{padding-top: 100px !important;padding-bottom: 70px !important;}&#8221;][vc_column width=&#8221;2\/3&#8243; offset=&#8221;vc_col-lg-offset-2 vc_col-md-offset-2 vc_col-sm-offset-0&#8243;][vc_column_text]<\/p>\n<h5 style=\"text-align: center;\"><span style=\"color: #999999;\"><img loading=\"lazy\" decoding=\"async\" class=\"size-full wp-image-2938 aligncenter\" src=\"http:\/\/www.ankamakina.com.tr\/mysite\/wp-content\/uploads\/2018\/07\/ankalogo3.jpg\" alt=\"\" width=\"128\" height=\"128\" srcset=\"https:\/\/www.ankajenerator.com.tr\/wp-content\/uploads\/2018\/07\/ankalogo3.jpg 128w, https:\/\/www.ankajenerator.com.tr\/wp-content\/uploads\/2018\/07\/ankalogo3-100x100.jpg 100w\" sizes=\"auto, (max-width: 128px) 100vw, 128px\" \/><\/span><\/h5>\n<h2 class=\"hero\" style=\"text-align: center;\"><i>Ta\u015f\u0131nabilir, Benzinli ve Dizel Jenerat\u00f6rler<\/i><\/h2>\n<h4 class=\"creativa-subtitle\" style=\"text-align: center;\">Anka Makina Jenerat\u00f6r Ticaret ve Sanayi A.\u015e.<\/h4>\n<p>[\/vc_column_text][vc_text_separator el_width=&#8221;medium&#8221; icon=&#8221;fontawesome&#8221; icon_fontawesome=&#8221;fa fa-bookmark-o&#8221; css=&#8221;.vc_custom_1470840224964{padding-top: 35px !important;}&#8221;][\/vc_column][\/vc_row][vc_row inner_separator_top=&#8221;0&#8243; inner_separator_bottom=&#8221;0&#8243; css=&#8221;.vc_custom_1470839261075{margin-bottom: 0px !important;padding-bottom: 100px !important;}&#8221;][vc_column width=&#8221;1\/3&#8243;][loprd_iconbox icon=&#8221;entypo&#8221; iconbox_title=&#8221;Sat\u0131\u015f&#8221; iconbox_readmore_text=&#8221;Devam\u0131&#8221; ib_icon_style=&#8221;bg-square&#8221; ib_icon_size=&#8221;large&#8221; iconbox_readmore_link=&#8221;||&#8221; icon_entypo=&#8221;entypo-icon entypo-icon-basket&#8221;]T\u00fcm Aksa Jenerat\u00f6rleri \u00e7e\u015fitlerini sat\u0131n alabilece\u011finiz merkez.[\/loprd_iconbox][vc_empty_space height=&#8221;30&#8243;][\/vc_column][vc_column width=&#8221;1\/3&#8243;][loprd_iconbox icon=&#8221;material&#8221; icon_material=&#8221;vc-material vc-material-thumb_up&#8221; iconbox_title=&#8221;\u0130kinci El Sat\u0131\u015f\u0131 ve Kiralama&#8221; ib_icon_style=&#8221;bg-square&#8221; ib_icon_size=&#8221;large&#8221; iconbox_readmore_link=&#8221;||&#8221;]\u0130kinci El jenerat\u00f6r sat\u0131\u015f ve kiralamada g\u00fcven[\/loprd_iconbox][vc_empty_space height=&#8221;30&#8243;][\/vc_column][vc_column width=&#8221;1\/3&#8243;][loprd_iconbox icon=&#8221;material&#8221; icon_material=&#8221;vc-material vc-material-build&#8221; iconbox_title=&#8221;Servis&#8221; ib_icon_style=&#8221;bg-square&#8221; ib_icon_size=&#8221;large&#8221; iconbox_readmore_link=&#8221;||&#8221;]T\u00fcm Aksa Jenerat\u00f6rleriniz i\u00e7in g\u00fcvenli teknik servis hizmeti[\/loprd_iconbox][vc_empty_space height=&#8221;30&#8243;][\/vc_column][\/vc_row][vc_row full_width_content=&#8221;full-width&#8221; common_height=&#8221;true&#8221; inner_separator_top=&#8221;0&#8243; inner_separator_bottom=&#8221;0&#8243; css=&#8221;.vc_custom_1534261164385{background-color: rgba(0,0,0,0.03) !important;*background-color: rgb(0,0,0) !important;}&#8221;][vc_column width=&#8221;1\/3&#8243; css=&#8221;.vc_custom_1457618494144{padding: 11% !important;}&#8221;][vc_column_text css=&#8221;.vc_custom_1457618629129{border-bottom-width: 2px !important;padding-bottom: 30px !important;border-bottom-color: rgba(0,0,0,0.03) !important;border-bottom-style: solid !important;}&#8221;]<\/p>\n<h2 class=\"jumbo\"><span class=\"color-accent\">01.<\/span><\/h2>\n<p>[\/vc_column_text][vc_column_text]<\/p>\n<h4>Jenerat\u00f6r Sat\u0131\u015f\u0131<\/h4>\n<p>Anka Makina Jenerat\u00f6r m\u00fc\u015fterilerinin kesintisiz enerji ihtiyac\u0131n\u0131 kar\u015f\u0131lamak i\u00e7in &#8220;en \u00fcst\u00fcn kalite &#8211; en iyi fiyat&#8221; d\u00fcsturuyla, sekt\u00f6rdeki en iyi markalar\u0131 m\u00fc\u015fterilerine sunmaktad\u0131r.[\/vc_column_text][vc_empty_space][\/vc_column][vc_column width=&#8221;2\/3&#8243; css=&#8221;.vc_custom_1542282680080{background-image: url(https:\/\/www.ankajenerator.com.tr\/wp-content\/uploads\/2018\/08\/bulb.jpg?id=3100) !important;background-position: center !important;background-repeat: no-repeat !important;background-size: cover !important;}&#8221;][\/vc_column][\/vc_row][vc_row full_width_content=&#8221;full-width&#8221; common_height=&#8221;true&#8221; inner_separator_top=&#8221;0&#8243; inner_separator_bottom=&#8221;0&#8243; css=&#8221;.vc_custom_1457618232297{background-color: rgba(0,0,0,0.03) !important;*background-color: rgb(0,0,0) !important;}&#8221;][vc_column width=&#8221;2\/3&#8243; css=&#8221;.vc_custom_1542282694774{background-image: url(https:\/\/www.ankajenerator.com.tr\/wp-content\/uploads\/2018\/08\/lamp.jpg?id=3114) !important;background-position: center !important;background-repeat: no-repeat !important;background-size: cover !important;}&#8221;][\/vc_column][vc_column width=&#8221;1\/3&#8243; css=&#8221;.vc_custom_1457618494144{padding: 11% !important;}&#8221;][vc_column_text css=&#8221;.vc_custom_1457618667111{border-bottom-width: 2px !important;padding-bottom: 30px !important;border-bottom-color: rgba(0,0,0,0.03) !important;border-bottom-style: solid !important;}&#8221;]<\/p>\n<h2 class=\"jumbo\"><span class=\"color-accent\">02.<\/span><\/h2>\n<p>[\/vc_column_text][vc_column_text]<\/p>\n<h4>\u0130kinci El Sat\u0131\u015f ve Kiralama<\/h4>\n<p>\u0130kinci el jenerat\u00f6r sat\u0131\u015f\u0131 ve jenerat\u00f6r kiralamada m\u00fcsteri memnuniyetini \u00f6n planda tutan Anka Makina Jenerat\u00f6r, kesintisiz enerji i\u00e7in \u00e7\u00f6z\u00fcm orta\u011f\u0131n\u0131zd\u0131r.[\/vc_column_text][vc_empty_space][\/vc_column][\/vc_row][vc_row full_width_content=&#8221;full-width&#8221; common_height=&#8221;true&#8221; inner_separator_top=&#8221;0&#8243; inner_separator_bottom=&#8221;0&#8243; css=&#8221;.vc_custom_1470840098933{background-color: rgba(0,0,0,0.03) !important;*background-color: rgb(0,0,0) !important;}&#8221;][vc_column width=&#8221;1\/3&#8243; css=&#8221;.vc_custom_1457618494144{padding: 11% !important;}&#8221;][vc_column_text css=&#8221;.vc_custom_1457618800458{border-bottom-width: 2px !important;padding-bottom: 30px !important;border-bottom-color: rgba(0,0,0,0.03) !important;border-bottom-style: solid !important;}&#8221;]<\/p>\n<h2 class=\"jumbo\"><span class=\"color-accent\">03.<\/span><\/h2>\n<p>[\/vc_column_text][vc_column_text]<\/p>\n<h4>Servis<\/h4>\n<p>Jenerat\u00f6r bak\u0131m ve kontrolleri yapt\u0131r\u0131lmazsa mekanik aksamda a\u015f\u0131nma ve y\u0131pranma meydana gelir, voltaj ve ak\u0131m de\u011ferleri sapma g\u00f6stermeye ba\u015flar.[\/vc_column_text][vc_empty_space][\/vc_column][vc_column width=&#8221;2\/3&#8243; css=&#8221;.vc_custom_1542282708137{background-image: url(https:\/\/www.ankajenerator.com.tr\/wp-content\/uploads\/2018\/08\/service1.jpg?id=3119) !important;background-position: center !important;background-repeat: no-repeat !important;background-size: cover !important;}&#8221;][\/vc_column][\/vc_row][vc_row inner_separator_top=&#8221;0&#8243; inner_separator_bottom=&#8221;0&#8243; css=&#8221;.vc_custom_1470840231090{padding-top: 100px !important;padding-bottom: 70px !important;}&#8221;][vc_column width=&#8221;2\/3&#8243; offset=&#8221;vc_col-lg-offset-2 vc_col-md-offset-2 vc_col-sm-offset-0&#8243;][vc_column_text]<\/p>\n<h5 style=\"text-align: center;\"><span style=\"color: #999999;\"><img loading=\"lazy\" decoding=\"async\" class=\"size-full wp-image-2938 aligncenter\" src=\"http:\/\/www.ankamakina.com.tr\/mysite\/wp-content\/uploads\/2018\/07\/ankalogo3.jpg\" alt=\"\" width=\"128\" height=\"128\" srcset=\"https:\/\/www.ankajenerator.com.tr\/wp-content\/uploads\/2018\/07\/ankalogo3.jpg 128w, https:\/\/www.ankajenerator.com.tr\/wp-content\/uploads\/2018\/07\/ankalogo3-100x100.jpg 100w\" sizes=\"auto, (max-width: 128px) 100vw, 128px\" \/><\/span><\/h5>\n<h2 class=\"hero\" style=\"text-align: center;\">Anka Makina\u00a0<span class=\"font-secondary\"><em>Jenerat\u00f6r<\/em><\/span><\/h2>\n<h4 class=\"creativa-subtitle\" style=\"text-align: center;\">Anka Makina Jenerat\u00f6r firmas\u0131 1997 y\u0131l\u0131nda \u0130stanbul, Karak\u00f6y&#8217;de kurulmu\u015ftur.<\/h4>\n<h4 class=\"creativa-subtitle\" style=\"text-align: center;\">Necatibey Caddesi, numara 60&#8217;da, kendi yerinde hizmet vermektedir.<\/h4>\n<p>[\/vc_column_text][vc_text_separator el_width=&#8221;medium&#8221; icon=&#8221;fontawesome&#8221; icon_fontawesome=&#8221;fa fa-bookmark-o&#8221; css=&#8221;.vc_custom_1470840224964{padding-top: 35px !important;}&#8221;][\/vc_column][\/vc_row][vc_row inner_separator_top=&#8221;0&#8243; inner_separator_bottom=&#8221;0&#8243; css=&#8221;.vc_custom_1470914418588{margin-bottom: 0px !important;padding-bottom: 100px !important;}&#8221;][vc_column width=&#8221;1\/3&#8243;][vc_column_text]<\/p>\n<h3>Biz kimiz<\/h3>\n<p>[\/vc_column_text][vc_column_text]Anka Makina Jenerat\u00f6r Ticaret ve Sanayi A.\u015e. 1997 y\u0131l\u0131nda jenerat\u00f6r sat\u0131\u015f\u0131 ve bak\u0131m\u0131 alan\u0131nda faaliyet g\u00f6stermek i\u00e7in kurulmu\u015f olup Aksa Jenerat\u00f6r&#8217;\u00fcn \u0130stanbul ana bayiidir.[\/vc_column_text][\/vc_column][vc_column width=&#8221;1\/3&#8243;][vc_column_text]<\/p>\n<h3>Ne yapar\u0131z<\/h3>\n<p>[\/vc_column_text][vc_column_text]Her \u00e7e\u015fit jenerat\u00f6r\u00fcn sat\u0131\u015f, montaj, tamir ve bak\u0131m\u0131n\u0131 yapar\u0131z. \u0130kinci el \u00fcr\u00fcn sat\u0131\u015f\u0131 ve teknik servis hizmetine \u00f6nem vererek \u00e7\u00f6z\u00fcm orta\u011f\u0131n\u0131z oluruz.[\/vc_column_text][\/vc_column][vc_column width=&#8221;1\/3&#8243;][vc_column_text]<\/p>\n<h3>Nas\u0131l \u00e7al\u0131\u015f\u0131r\u0131z<\/h3>\n<p>[\/vc_column_text][vc_column_text]Sekt\u00f6rde tecr\u00fcbesi en y\u00fcksek firmalardan biri olman\u0131n bilinci ile m\u00fc\u015fteri memnuniyetini \u00f6n planda tutarak hizmet veriririz.[\/vc_column_text][\/vc_column][\/vc_row][vc_row full_width_content=&#8221;full-width&#8221; inner_separator_top=&#8221;0&#8243; inner_separator_bottom=&#8221;0&#8243; css=&#8221;.vc_custom_1449160791912{margin-top: 5px !important;margin-right: -10px !important;margin-bottom: 0px !important;margin-left: -10px !important;}&#8221;][vc_column width=&#8221;1\/4&#8243;][loprd_team_member tm_height=&#8221;400&#8243; name=&#8221;AAP 2200\u0130&#8221; function=&#8221;Benzinli Portatif Jenerat\u00f6r&#8221; css_animation=&#8221;fade-in&#8221; css_animation_delay=&#8221;1200&#8243; photo=&#8221;3337&#8243; el_class=&#8221;squared-box&#8221; css=&#8221;.vc_custom_1585207660028{margin-top: 5px !important;margin-right: 5px !important;margin-bottom: 5px !important;margin-left: 5px !important;}&#8221;][\/vc_column][vc_column width=&#8221;1\/4&#8243;][loprd_team_member tm_height=&#8221;400&#8243; name=&#8221;AAP 3500E&#8221; function=&#8221;Benzinli Portatif Jenerat\u00f6r&#8221; css_animation=&#8221;fade-in&#8221; css_animation_delay=&#8221;900&#8243; photo=&#8221;2995&#8243; el_class=&#8221;squared-box&#8221; css=&#8221;.vc_custom_1530712385563{margin-top: 5px !important;margin-right: 5px !important;margin-bottom: 5px !important;margin-left: 5px !important;}&#8221;][\/vc_column][\/vc_row][vc_row full_width_content=&#8221;full-width&#8221; inner_separator_top=&#8221;0&#8243; inner_separator_bottom=&#8221;0&#8243; css=&#8221;.vc_custom_1449152250601{margin-right: -10px !important;margin-bottom: 5px !important;margin-left: -10px !important;}&#8221;][vc_column width=&#8221;1\/4&#8243;][loprd_team_member tm_height=&#8221;400&#8243; name=&#8221;AAP 8000DE Kabinli&#8221; function=&#8221;Dizel Portatif Jenerat\u00f6r&#8221; css_animation=&#8221;fade-in&#8221; css_animation_delay=&#8221;300&#8243; photo=&#8221;2991&#8243; el_class=&#8221;squared-box&#8221; css=&#8221;.vc_custom_1530711967344{margin-top: 5px !important;margin-right: 5px !important;margin-bottom: 5px !important;margin-left: 5px !important;}&#8221;][\/vc_column][vc_column width=&#8221;1\/4&#8243;][loprd_team_member tm_height=&#8221;400&#8243; name=&#8221;110 ME&#8221; function=&#8221;Benzinli Portatif Jenerat\u00f6r&#8221; css_animation=&#8221;fade-in&#8221; css_animation_delay=&#8221;600&#8243; photo=&#8221;2993&#8243; el_class=&#8221;squared-box&#8221; css=&#8221;.vc_custom_1530712169111{margin-top: 5px !important;margin-right: 5px !important;margin-bottom: 5px !important;margin-left: 5px !important;}&#8221;][\/vc_column][vc_column width=&#8221;1\/4&#8243;][loprd_team_member tm_height=&#8221;400&#8243; name=&#8221;AAP 8000DE&#8221; function=&#8221;Dizel Portatif Jenerat\u00f6r&#8221; css_animation=&#8221;fade-in&#8221; css_animation_delay=&#8221;900&#8243; photo=&#8221;2989&#8243; el_class=&#8221;squared-box&#8221; css=&#8221;.vc_custom_1530711736976{margin-top: 5px !important;margin-right: 5px !important;margin-bottom: 5px !important;margin-left: 5px !important;}&#8221;][\/vc_column][vc_column width=&#8221;1\/4&#8243;][loprd_team_member tm_height=&#8221;400&#8243; name=&#8221;AAP 4200DE&#8221; function=&#8221;Dizel Portatif Jenerat\u00f6r&#8221; css_animation=&#8221;fade-in&#8221; css_animation_delay=&#8221;600&#8243; photo=&#8221;2987&#8243; el_class=&#8221;squared-box&#8221; css=&#8221;.vc_custom_1530711389668{margin-top: 5px !important;margin-right: 5px !important;margin-bottom: 5px !important;margin-left: 5px !important;}&#8221;][\/vc_column][\/vc_row][vc_row inner_separator_top=&#8221;0&#8243; inner_separator_bottom=&#8221;0&#8243; css=&#8221;.vc_custom_1470840231090{padding-top: 100px !important;padding-bottom: 70px !important;}&#8221;][vc_column width=&#8221;2\/3&#8243; offset=&#8221;vc_col-lg-offset-2 vc_col-md-offset-2 vc_col-sm-offset-0&#8243;][vc_column_text]<\/p>\n<h5 style=\"text-align: center;\"><span style=\"color: #999999;\"><img loading=\"lazy\" decoding=\"async\" class=\"size-full wp-image-2938 aligncenter\" src=\"http:\/\/www.ankamakina.com.tr\/mysite\/wp-content\/uploads\/2018\/07\/ankalogo3.jpg\" alt=\"\" width=\"128\" height=\"128\" srcset=\"https:\/\/www.ankajenerator.com.tr\/wp-content\/uploads\/2018\/07\/ankalogo3.jpg 128w, https:\/\/www.ankajenerator.com.tr\/wp-content\/uploads\/2018\/07\/ankalogo3-100x100.jpg 100w\" sizes=\"auto, (max-width: 128px) 100vw, 128px\" \/><\/span><\/h5>\n<h2 class=\"hero\" style=\"text-align: center;\">Teknik servis ve bak\u0131m<\/h2>\n<h4 class=\"creativa-subtitle\" style=\"text-align: center;\">Anka Makina, sat\u0131n ald\u0131\u011f\u0131n\u0131z jenerat\u00f6rlerin garanti s\u00fcresi i\u00e7inde ve sonras\u0131nda bak\u0131m ve onar\u0131mlar\u0131n\u0131 g\u00fcvenle yapmaktad\u0131r.<\/h4>\n<p>[\/vc_column_text][vc_text_separator el_width=&#8221;medium&#8221; icon=&#8221;fontawesome&#8221; icon_fontawesome=&#8221;fa fa-bookmark-o&#8221; css=&#8221;.vc_custom_1470840224964{padding-top: 35px !important;}&#8221;][\/vc_column][\/vc_row][vc_row inner_separator_top=&#8221;0&#8243; inner_separator_bottom=&#8221;0&#8243; css=&#8221;.vc_custom_1471086305309{margin-bottom: 0px !important;}&#8221;][vc_column width=&#8221;7\/12&#8243;][vc_single_image image=&#8221;3013&#8243; css_animation=&#8221;left-to-right&#8221; img_size=&#8221;1000&#215;0&#8243;][\/vc_column][vc_column width=&#8221;5\/12&#8243; css=&#8221;.vc_custom_1471086805935{padding-top: 100px !important;padding-left: 45px !important;}&#8221;][vc_column_text]<\/p>\n<h3>Jenerat\u00f6r Nedir<\/h3>\n<p>Jenerat\u00f6r kimyasal enerjiyi (motorin, benzin vb.) \u0131s\u0131 enerjisine, \u0131s\u0131 enerjisini mekanik enerjiye, mekanik enerjiyi de elektrik enerjisine \u00e7eviren elektro-mekanik sistemler toplulu\u011fudur.[\/vc_column_text][\/vc_column][\/vc_row][vc_row inner_separator_top=&#8221;0&#8243; inner_separator_bottom=&#8221;0&#8243; css=&#8221;.vc_custom_1471086247269{margin-bottom: 0px !important;padding-bottom: 100px !important;}&#8221;][vc_column width=&#8221;5\/12&#8243; css=&#8221;.vc_custom_1471086810038{padding-top: 100px !important;padding-right: 45px !important;}&#8221;][vc_column_text]<\/p>\n<h3>Jenerat\u00f6r nerede kullan\u0131l\u0131r<\/h3>\n<ul>\n<li>Evde, ma\u011faza ve hastanelerde,<\/li>\n<li>E\u011flence, dinlence yerlerinde (kamp, tekne, parti) ve seyyar pazarlarda,<\/li>\n<li>End\u00fcstriyel sahada (\u00fcretim yerleri ve at\u00f6lyelerde)<\/li>\n<li>Her t\u00fcrl\u00fc ayd\u0131nlatma ve elektrikli aletlerin yedek g\u00fc\u00e7 ihtiyac\u0131nda,<\/li>\n<\/ul>\n<p>[\/vc_column_text][\/vc_column][vc_column width=&#8221;7\/12&#8243; css=&#8221;.vc_custom_1440599745110{margin-top: -50px !important;}&#8221;][vc_single_image image=&#8221;3007&#8243; css_animation=&#8221;right-to-left&#8221; img_size=&#8221;1000&#215;0&#8243;][\/vc_column][\/vc_row][vc_row animated_canvas=&#8221;metaBalls&#8221; animated_canvas_color=&#8221;rgba(0,0,0,0.05)&#8221; animated_canvas_count=&#8221;6&#8243; inner_separator_top=&#8221;0&#8243; inner_separator_bottom=&#8221;0&#8243; css=&#8221;.vc_custom_1472382623118{border-top-width: 1px !important;padding-top: 100px !important;padding-bottom: 70px !important;border-top-color: rgba(0,0,0,0.05) !important;border-top-style: solid !important;}&#8221;][vc_column width=&#8221;2\/3&#8243; offset=&#8221;vc_col-lg-offset-2 vc_col-md-offset-2 vc_col-sm-offset-0&#8243;][vc_column_text]<\/p>\n<h5 style=\"text-align: center;\"><span style=\"color: #999999;\"><img loading=\"lazy\" decoding=\"async\" class=\"size-full wp-image-2938 aligncenter\" src=\"http:\/\/www.ankamakina.com.tr\/mysite\/wp-content\/uploads\/2018\/07\/ankalogo3.jpg\" alt=\"\" width=\"128\" height=\"128\" srcset=\"https:\/\/www.ankajenerator.com.tr\/wp-content\/uploads\/2018\/07\/ankalogo3.jpg 128w, https:\/\/www.ankajenerator.com.tr\/wp-content\/uploads\/2018\/07\/ankalogo3-100x100.jpg 100w\" sizes=\"auto, (max-width: 128px) 100vw, 128px\" \/><\/span><\/h5>\n<h2 class=\"hero\" style=\"text-align: center;\">Dikkat edilmesi gerekenler<\/h2>\n<h4 class=\"creativa-subtitle\" style=\"text-align: center;\">\u00d6zellikle konutlar i\u00e7in jenerat\u00f6r se\u00e7erken konuttaki elektrik sisteminin tek fazl\u0131 veya \u00fc\u00e7 fazl\u0131 oldu\u011fu tespit edilip, jenerat\u00f6r\u00fcn de buna uygun se\u00e7ilmesi alternat\u00f6r ar\u0131zalar\u0131n\u0131n olu\u015fmas\u0131n\u0131 engelleyecektir.<br \/>\nPiyasadan temin edilen ucuz ve kalitesiz filtre kullan\u0131m\u0131, bak\u0131m saatlerine riayet edilmemesi ve yetkili servis d\u0131\u015f\u0131nda ehil olmayan servislerden yararlan\u0131lmas\u0131 jenerat\u00f6r \u00f6mr\u00fcn\u00fc ve \u00e7al\u0131\u015fma performans\u0131n\u0131 etkileyen en \u00f6nemli etkenlerdendir.<\/h4>\n<p>[\/vc_column_text][vc_text_separator el_width=&#8221;medium&#8221; icon=&#8221;fontawesome&#8221; icon_fontawesome=&#8221;fa fa-bookmark-o&#8221; css=&#8221;.vc_custom_1470840224964{padding-top: 35px !important;}&#8221;][\/vc_column][\/vc_row]<\/p>\n","protected":false},"excerpt":{"rendered":"<p>[vc_row full_width_content=&#8221;full-width&#8221; inner_separator_top=&#8221;0&#8243; inner_separator_bottom=&#8221;0&#8243; css=&#8221;.vc_custom_1474747215788{margin-bottom: 0px !important;background-color: #252525 !important;}&#8221; row_height=&#8221;30vh&#8221;][vc_column][rev_slider_vc alias=&#8221;Anka1&#8243;][\/vc_column][\/vc_row][vc_row inner_separator_top=&#8221;0&#8243; inner_separator_bottom=&#8221;0&#8243; css=&#8221;.vc_custom_1470840231090{padding-top: 100px !important;padding-bottom: 70px !important;}&#8221;][vc_column width=&#8221;2\/3&#8243; offset=&#8221;vc_col-lg-offset-2 vc_col-md-offset-2 vc_col-sm-offset-0&#8243;][vc_column_text] Ta\u015f\u0131nabilir, Benzinli ve Dizel Jenerat\u00f6rler Anka Makina Jenerat\u00f6r Ticaret ve Sanayi A.\u015e. [\/vc_column_text][vc_text_separator [&#8230;]<\/p>\n<p><a class=\"more-link btn btn-default btn-sm\" href=\"https:\/\/www.ankajenerator.com.tr\/\">Continue Reading<\/a><\/p>\n","protected":false},"author":1,"featured_media":3337,"parent":469,"menu_order":0,"comment_status":"closed","ping_status":"closed","template":"template-full-width.php","meta":{"footnotes":""},"class_list":["post-362","page","type-page","status-publish","has-post-thumbnail","hentry"],"_links":{"self":[{"href":"https:\/\/www.ankajenerator.com.tr\/index.php?rest_route=\/wp\/v2\/pages\/362","targetHints":{"allow":["GET"]}}],"collection":[{"href":"https:\/\/www.ankajenerator.com.tr\/index.php?rest_route=\/wp\/v2\/pages"}],"about":[{"href":"https:\/\/www.ankajenerator.com.tr\/index.php?rest_route=\/wp\/v2\/types\/page"}],"author":[{"embeddable":true,"href":"https:\/\/www.ankajenerator.com.tr\/index.php?rest_route=\/wp\/v2\/users\/1"}],"replies":[{"embeddable":true,"href":"https:\/\/www.ankajenerator.com.tr\/index.php?rest_route=%2Fwp%2Fv2%2Fcomments&post=362"}],"version-history":[{"count":102,"href":"https:\/\/www.ankajenerator.com.tr\/index.php?rest_route=\/wp\/v2\/pages\/362\/revisions"}],"predecessor-version":[{"id":3341,"href":"https:\/\/www.ankajenerator.com.tr\/index.php?rest_route=\/wp\/v2\/pages\/362\/revisions\/3341"}],"up":[{"embeddable":true,"href":"https:\/\/www.ankajenerator.com.tr\/index.php?rest_route=\/wp\/v2\/pages\/469"}],"wp:featuredmedia":[{"embeddable":true,"href":"https:\/\/www.ankajenerator.com.tr\/index.php?rest_route=\/wp\/v2\/media\/3337"}],"wp:attachment":[{"href":"https:\/\/www.ankajenerator.com.tr\/index.php?rest_route=%2Fwp%2Fv2%2Fmedia&parent=362"}],"curies":[{"name":"wp","href":"https:\/\/api.w.org\/{rel}","templated":true}]}}