{"id":426,"date":"2015-09-30T12:55:37","date_gmt":"2015-09-30T12:55:37","guid":{"rendered":"http:\/\/demo.loprd.pl\/creativa\/?page_id=426"},"modified":"2024-06-05T16:55:33","modified_gmt":"2024-06-05T13:55:33","slug":"contact","status":"publish","type":"page","link":"https:\/\/www.ankajenerator.com.tr\/?page_id=426","title":{"rendered":"\u0130leti\u015fim"},"content":{"rendered":"<p>[vc_row inner_separator_top=&#8221;0&#8243; inner_separator_bottom=&#8221;0&#8243; css=&#8221;.vc_custom_1449247121741{margin-bottom: 0px !important;border-bottom-width: 1px !important;padding-top: 70px !important;padding-bottom: 70px !important;border-bottom-color: rgba(0,0,0,0.07) !important;border-bottom-style: solid !important;}&#8221;][vc_column width=&#8221;1\/3&#8243;][vc_column_text]<\/p>\n<h4>Anka Makina Jenerat\u00f6r Ticaret ve Sanayi A.\u015e.<\/h4>\n<h4 style=\"text-align: center;\"><span style=\"color: #ff0000;\"><strong>AKSA &#8211; KARAK\u00d6Y<\/strong><\/span><\/h4>\n<p>[\/vc_column_text][\/vc_column][vc_column width=&#8221;5\/12&#8243;][vc_column_text]<\/p>\n<p class=\"h5-size\"><span style=\"color: #999999;\">Her t\u00fcrl\u00fc sat\u0131n alma, kiralama, montaj, tamir ve bak\u0131m konular\u0131nda bize e-mail g\u00f6nderebilir veya telefonla arayabilirsiniz.<\/span><\/p>\n<p>[\/vc_column_text][\/vc_column][\/vc_row][vc_row inner_separator_top=&#8221;0&#8243; inner_separator_bottom=&#8221;0&#8243; css=&#8221;.vc_custom_1449246735198{margin-bottom: 0px !important;padding-top: 100px !important;padding-bottom: 100px !important;}&#8221;][vc_column width=&#8221;2\/3&#8243;]\n<div class=\"wpcf7 no-js\" id=\"wpcf7-f420-o1\" lang=\"en-US\" dir=\"ltr\" data-wpcf7-id=\"420\">\n<div class=\"screen-reader-response\"><p role=\"status\" aria-live=\"polite\" aria-atomic=\"true\"><\/p> <ul><\/ul><\/div>\n<form action=\"\/index.php?rest_route=%2Fwp%2Fv2%2Fpages%2F426#wpcf7-f420-o1\" method=\"post\" class=\"wpcf7-form init\" aria-label=\"Contact form\" novalidate=\"novalidate\" data-status=\"init\">\n<fieldset class=\"hidden-fields-container\"><input type=\"hidden\" name=\"_wpcf7\" value=\"420\" \/><input type=\"hidden\" name=\"_wpcf7_version\" value=\"6.1.6\" \/><input type=\"hidden\" name=\"_wpcf7_locale\" value=\"en_US\" \/><input type=\"hidden\" name=\"_wpcf7_unit_tag\" value=\"wpcf7-f420-o1\" \/><input type=\"hidden\" name=\"_wpcf7_container_post\" value=\"0\" \/><input type=\"hidden\" name=\"_wpcf7_posted_data_hash\" value=\"\" \/>\n<\/fieldset>\n<div class=\"row\">\n\t<div class=\"col-md-4\">\n\t\t<div class=\"input-group\">\n\t\t\t<p><span class=\"wpcf7-form-control-wrap\" data-name=\"your-name\"><input size=\"40\" maxlength=\"400\" class=\"wpcf7-form-control wpcf7-text wpcf7-validates-as-required\" aria-required=\"true\" aria-invalid=\"false\" placeholder=\"Ad\u0131n\u0131z (gerekli)\" value=\"\" type=\"text\" name=\"your-name\" \/><\/span><span class=\"input-group-addon\"><i class=\"icon_id\"><\/i><\/span>\n\t\t\t<\/p>\n\t\t<\/div>\n\t<\/div>\n\t<div class=\"col-md-4\">\n\t\t<div class=\"input-group\">\n\t\t\t<p><span class=\"wpcf7-form-control-wrap\" data-name=\"email-698\"><input size=\"40\" maxlength=\"400\" class=\"wpcf7-form-control wpcf7-email wpcf7-validates-as-required wpcf7-text wpcf7-validates-as-email\" aria-required=\"true\" aria-invalid=\"false\" placeholder=\"E-mail (gerekli)\" value=\"\" type=\"email\" name=\"email-698\" \/><\/span><span class=\"input-group-addon\"><i class=\"icon_mail_alt\"><\/i><\/span>\n\t\t\t<\/p>\n\t\t<\/div>\n\t<\/div>\n\t<div class=\"col-md-4\">\n\t\t<div class=\"input-group\">\n\t\t\t<p><span class=\"wpcf7-form-control-wrap\" data-name=\"website\"><input size=\"40\" maxlength=\"400\" class=\"wpcf7-form-control wpcf7-text\" aria-invalid=\"false\" placeholder=\"Web siteniz\" value=\"\" type=\"text\" name=\"website\" \/><\/span><span class=\"input-group-addon\"><i class=\"icon_link_alt\"><\/i><\/span>\n\t\t\t<\/p>\n\t\t<\/div>\n\t<\/div>\n\t<div class=\"col-md-12\" style=\"margin-top: 30px;\">\n\t\t<div class=\"input-group\">\n\t\t\t<p><span class=\"wpcf7-form-control-wrap\" data-name=\"subject\"><input size=\"40\" maxlength=\"400\" class=\"wpcf7-form-control wpcf7-text wpcf7-validates-as-required\" aria-required=\"true\" aria-invalid=\"false\" placeholder=\"Konu (gerekli)\" value=\"\" type=\"text\" name=\"subject\" \/><\/span><span class=\"input-group-addon\"><i class=\"icon_book_alt\"><\/i><\/span>\n\t\t\t<\/p>\n\t\t<\/div>\n\t<\/div>\n\t<div class=\"col-md-12\" style=\"margin-top: 15px;\">\n\t\t<p><span class=\"wpcf7-form-control-wrap\" data-name=\"message\"><textarea cols=\"40\" rows=\"10\" maxlength=\"2000\" class=\"wpcf7-form-control wpcf7-textarea wpcf7-validates-as-required\" aria-required=\"true\" aria-invalid=\"false\" placeholder=\"Mesaj (gerekli)\" name=\"message\"><\/textarea><\/span>\n\t\t<\/p>\n\t\t<p><input class=\"wpcf7-form-control wpcf7-submit has-spinner btn-lg\" type=\"submit\" value=\"G\u00f6nder\" \/>\n\t\t<\/p>\n\t<\/div>\n<\/div><div class=\"wpcf7-response-output\" aria-hidden=\"true\"><\/div>\n<\/form>\n<\/div>\n[\/vc_column][vc_column width=&#8221;1\/3&#8243; css=&#8221;.vc_custom_1440689800083{padding-left: 45px !important;}&#8221;][vc_column_text]<\/p>\n<h5><span class=\"color-accent\">OF\u0130SLER\u0130M\u0130Z<\/span><\/h5>\n<p>[\/vc_column_text][vc_tta_pageable no_fill_content_area=&#8221;true&#8221; autoplay=&#8221;10&#8243; active_section=&#8221;1&#8243;][vc_tta_section title=&#8221;Section 1&#8243; tab_id=&#8221;1441200321659-0cdb819a-cfb5&#8243;][vc_column_text]<\/p>\n<h4>Merkez Ofis<\/h4>\n<p><span class=\"font-secondary\">G\u00fcm\u00fc\u015fsuyu, \u0130n\u00f6n\u00fc Caddesi,<\/span><br \/>\n<span class=\"font-secondary\">Taksim Ulusal Apt., No : 5, Kat : 3, D : 8,<\/span><br \/>\n<span class=\"font-secondary\">34437<\/span><br \/>\n<span class=\"font-secondary\">Beyo\u011flu, \u0130stanbul<\/span><\/p>\n<p class=\"h5-size\"><strong>Telefon\u00a0<\/strong>\u2014 (+90) 212 293 07 33 pbx<\/p>\n<p><strong>Faks\u00a0<\/strong>\u2014 (+90) 212 251 92 64<\/p>\n<h6 style=\"margin-bottom: 5px;\"><span style=\"color: #999999;\">\u00c7al\u0131\u015fma Saatler\u0130 :<\/span><\/h6>\n<p class=\"h6-size\"><strong>Pazartesi-Cuma<\/strong> \u2014 08:30 \u2013 18:00<br \/>\n<strong>Cumartesi<\/strong>\u00a0\u2014 08:30 \u2013 13:30<\/p>\n<p>[\/vc_column_text][\/vc_tta_section][vc_tta_section title=&#8221;Section 2&#8243; tab_id=&#8221;1441200322460-9446fd86-bc5e&#8221;][vc_column_text]<\/p>\n<h4>AKSA Yetkili Servis<\/h4>\n<p><span class=\"font-secondary\">\u0130kitelli Organize Sanayi B\u00f6lgesi<\/span><br \/>\n<span class=\"font-secondary\">Dolapdere Sanayi Sitesi<\/span><br \/>\n<span class=\"font-secondary\">13. Ada, No : 9<\/span><br \/>\n<span class=\"font-secondary\">\u0130kitelli, \u0130stanbul<\/span><\/p>\n<p><strong>Telefon\u00a0<\/strong>\u2014 (+90) 212 671 35 48-49<\/p>\n<p><strong>Faks\u00a0<\/strong>\u2014 (+90) 212 671 35 41<\/p>\n<p><strong>Acil Tel\u00a0<\/strong>\u2014 0532 356 86 99<\/p>\n<h6 style=\"margin-bottom: 5px;\"><span style=\"color: #999999;\">\u00c7al\u0131\u015fma Saatler\u0130 :<\/span><\/h6>\n<p class=\"h6-size\"><strong>Pazartesi-Cuma<\/strong> \u2014 08:30 \u2013 18:00<br \/>\n<strong>Cumartesi<\/strong> \u2014 08:30 \u2013 13:30<\/p>\n<p>[\/vc_column_text][\/vc_tta_section][\/vc_tta_pageable][\/vc_column][\/vc_row][vc_row][vc_column][vc_single_image image=&#8221;2978&#8243; alignment=&#8221;center&#8221; title=&#8221;MERKEZ OF\u0130S&#8221;][\/vc_column][\/vc_row][vc_row][vc_column][vc_empty_space height=&#8221;100px&#8221;][\/vc_column][\/vc_row][vc_row][vc_column][vc_single_image image=&#8221;3242&#8243; alignment=&#8221;center&#8221; title=&#8221;TEKN\u0130K SERV\u0130S VE YEDEK PAR\u00c7A&#8221;][\/vc_column][\/vc_row][vc_row][vc_column][vc_empty_space height=&#8221;100px&#8221;][\/vc_column][\/vc_row]<\/p>\n","protected":false},"excerpt":{"rendered":"<p>[vc_row inner_separator_top=&#8221;0&#8243; inner_separator_bottom=&#8221;0&#8243; css=&#8221;.vc_custom_1449247121741{margin-bottom: 0px !important;border-bottom-width: 1px !important;padding-top: 70px !important;padding-bottom: 70px !important;border-bottom-color: rgba(0,0,0,0.07) !important;border-bottom-style: solid !important;}&#8221;][vc_column width=&#8221;1\/3&#8243;][vc_column_text] Anka Makina Jenerat\u00f6r Ticaret ve Sanayi A.\u015e. AKSA &#8211; KARAK\u00d6Y [\/vc_column_text][\/vc_column][vc_column width=&#8221;5\/12&#8243;][vc_column_text] Her t\u00fcrl\u00fc sat\u0131n alma, kiralama, montaj, [&#8230;]<\/p>\n<p><a class=\"more-link btn btn-default btn-sm\" href=\"https:\/\/www.ankajenerator.com.tr\/?page_id=426\">Continue Reading<\/a><\/p>\n","protected":false},"author":1,"featured_media":0,"parent":376,"menu_order":0,"comment_status":"closed","ping_status":"closed","template":"template-full-width.php","meta":{"footnotes":""},"class_list":["post-426","page","type-page","status-publish","hentry"],"_links":{"self":[{"href":"https:\/\/www.ankajenerator.com.tr\/index.php?rest_route=\/wp\/v2\/pages\/426","targetHints":{"allow":["GET"]}}],"collection":[{"href":"https:\/\/www.ankajenerator.com.tr\/index.php?rest_route=\/wp\/v2\/pages"}],"about":[{"href":"https:\/\/www.ankajenerator.com.tr\/index.php?rest_route=\/wp\/v2\/types\/page"}],"author":[{"embeddable":true,"href":"https:\/\/www.ankajenerator.com.tr\/index.php?rest_route=\/wp\/v2\/users\/1"}],"replies":[{"embeddable":true,"href":"https:\/\/www.ankajenerator.com.tr\/index.php?rest_route=%2Fwp%2Fv2%2Fcomments&post=426"}],"version-history":[{"count":36,"href":"https:\/\/www.ankajenerator.com.tr\/index.php?rest_route=\/wp\/v2\/pages\/426\/revisions"}],"predecessor-version":[{"id":3438,"href":"https:\/\/www.ankajenerator.com.tr\/index.php?rest_route=\/wp\/v2\/pages\/426\/revisions\/3438"}],"up":[{"embeddable":true,"href":"https:\/\/www.ankajenerator.com.tr\/index.php?rest_route=\/wp\/v2\/pages\/376"}],"wp:attachment":[{"href":"https:\/\/www.ankajenerator.com.tr\/index.php?rest_route=%2Fwp%2Fv2%2Fmedia&parent=426"}],"curies":[{"name":"wp","href":"https:\/\/api.w.org\/{rel}","templated":true}]}}