{"id":3189,"date":"2018-08-17T15:31:31","date_gmt":"2018-08-17T12:31:31","guid":{"rendered":"http:\/\/www.ankamakina.com.tr\/mysite\/?post_type=product&#038;p=3189"},"modified":"2026-04-06T10:00:56","modified_gmt":"2026-04-06T07:00:56","slug":"aap-8000-e","status":"publish","type":"product","link":"https:\/\/www.ankajenerator.com.tr\/?product=aap-8000-e","title":{"rendered":"AAP 8000 E"},"content":{"rendered":"<p>MOTOR \u00d6ZELL\u0130KLER\u0130<\/p>\n<table width=\"223\">\n<tbody>\n<tr>\n<td width=\"159\">Yak\u0131t T\u00fcr\u00fc<\/td>\n<td width=\"64\">Benzin<\/td>\n<\/tr>\n<tr>\n<td>Start \u015eekli<\/td>\n<td>Elektrikli<\/td>\n<\/tr>\n<tr>\n<td>Devir (d\/dk)<\/td>\n<td>3000<\/td>\n<\/tr>\n<tr>\n<td>G\u00fc\u00e7 (Hp)<\/td>\n<td>15<\/td>\n<\/tr>\n<tr>\n<td>Silindir Say\u0131s\u0131<\/td>\n<td>1<\/td>\n<\/tr>\n<tr>\n<td>Silindir Hacmi (mL)<\/td>\n<td>419<\/td>\n<\/tr>\n<tr>\n<td>Ya\u011f Kapasitesi (L)<\/td>\n<td>1,1<\/td>\n<\/tr>\n<tr>\n<td>Yak\u0131t Tank Kapasitesi (L)<\/td>\n<td>30<\/td>\n<\/tr>\n<\/tbody>\n<\/table>\n","protected":false},"excerpt":{"rendered":"<p>GENEL \u00d6ZELL\u0130KLER<\/p>\n<table width=\"223\">\n<tbody>\n<tr>\n<td width=\"159\">AC Nominal G\u00fc\u00e7 kVA(kW)<\/td>\n<td width=\"64\">7,5 (6)<\/td>\n<\/tr>\n<tr>\n<td>Maksimum G\u00fc\u00e7 kVA (kW)<\/td>\n<td>8 (6,5)<\/td>\n<\/tr>\n<tr>\n<td>AC Nominal Ak\u0131m<\/td>\n<td>26<\/td>\n<\/tr>\n<tr>\n<td>DC Nominal Ak\u0131m<\/td>\n<td>8<\/td>\n<\/tr>\n<tr>\n<td>Voltaj (V)<\/td>\n<td>230<\/td>\n<\/tr>\n<tr>\n<td>Frekans (Hz)<\/td>\n<td>50<\/td>\n<\/tr>\n<tr>\n<td>Faz Say\u0131s\u0131<\/td>\n<td>1<\/td>\n<\/tr>\n<tr>\n<td>G\u00fc\u00e7 Fakt\u00f6r\u00fc<\/td>\n<td>0,8<\/td>\n<\/tr>\n<tr>\n<td>Yak\u0131t T\u00fcketimi (L\/sa)<\/td>\n<td>2,8<\/td>\n<\/tr>\n<tr>\n<td>S\u00fcrekli \u00c7al\u0131\u015fma (Saat)<\/td>\n<td>5<\/td>\n<\/tr>\n<tr>\n<td>G\u00fcr\u00fclt\u00fc Seviyesi (dB(A))<\/td>\n<td>77<\/td>\n<\/tr>\n<\/tbody>\n<\/table>\n","protected":false},"featured_media":3190,"template":"","meta":[],"product_brand":[],"product_cat":[74,68],"product_tag":[69,71,70,73,72],"class_list":{"0":"post-3189","1":"product","2":"type-product","3":"status-publish","4":"has-post-thumbnail","6":"product_cat-benzinli","7":"product_cat-portatif-jenerator","8":"product_tag-aksa","9":"product_tag-benzinli","10":"product_tag-jenerator","11":"product_tag-portatif","12":"product_tag-tasinabilir","14":"first","15":"instock","16":"taxable","17":"shipping-taxable","18":"purchasable","19":"product-type-simple"},"_links":{"self":[{"href":"https:\/\/www.ankajenerator.com.tr\/index.php?rest_route=\/wp\/v2\/product\/3189","targetHints":{"allow":["GET"]}}],"collection":[{"href":"https:\/\/www.ankajenerator.com.tr\/index.php?rest_route=\/wp\/v2\/product"}],"about":[{"href":"https:\/\/www.ankajenerator.com.tr\/index.php?rest_route=\/wp\/v2\/types\/product"}],"wp:featuredmedia":[{"embeddable":true,"href":"https:\/\/www.ankajenerator.com.tr\/index.php?rest_route=\/wp\/v2\/media\/3190"}],"wp:attachment":[{"href":"https:\/\/www.ankajenerator.com.tr\/index.php?rest_route=%2Fwp%2Fv2%2Fmedia&parent=3189"}],"wp:term":[{"taxonomy":"product_brand","embeddable":true,"href":"https:\/\/www.ankajenerator.com.tr\/index.php?rest_route=%2Fwp%2Fv2%2Fproduct_brand&post=3189"},{"taxonomy":"product_cat","embeddable":true,"href":"https:\/\/www.ankajenerator.com.tr\/index.php?rest_route=%2Fwp%2Fv2%2Fproduct_cat&post=3189"},{"taxonomy":"product_tag","embeddable":true,"href":"https:\/\/www.ankajenerator.com.tr\/index.php?rest_route=%2Fwp%2Fv2%2Fproduct_tag&post=3189"}],"curies":[{"name":"wp","href":"https:\/\/api.w.org\/{rel}","templated":true}]}}