{"id":3221,"date":"2018-09-12T08:03:08","date_gmt":"2018-09-12T05:03:08","guid":{"rendered":"https:\/\/www.ankamakina.com.tr\/?post_type=product&#038;p=3221"},"modified":"2025-12-04T09:49:26","modified_gmt":"2025-12-04T06:49:26","slug":"aap-4200-de-sko","status":"publish","type":"product","link":"https:\/\/www.ankajenerator.com.tr\/?product=aap-4200-de-sko","title":{"rendered":"AAP 4200 DE OTOMAT\u0130K"},"content":{"rendered":"<p>MOTOR \u00d6ZELL\u0130KLER\u0130<\/p>\n<table width=\"223\">\n<tbody>\n<tr>\n<td width=\"159\">Motor<\/td>\n<td width=\"64\">AKSA<\/td>\n<\/tr>\n<tr>\n<td>Yak\u0131t T\u00fcr\u00fc<\/td>\n<td>Diesel<\/td>\n<\/tr>\n<tr>\n<td>Ya\u011f Kapasitesi (Fitre Dahil)(L)<\/td>\n<td>1,65<\/td>\n<\/tr>\n<tr>\n<td>Yak\u0131t Pompas\u0131 Tipi<\/td>\n<td>Direct<\/td>\n<\/tr>\n<tr>\n<td>Guvern\u00f6r Sistemi<\/td>\n<td>Mekanik<\/td>\n<\/tr>\n<tr>\n<td>EU Stage<\/td>\n<td>II<\/td>\n<\/tr>\n<tr>\n<td>Elektrik Sistemi<\/td>\n<td>12 V.d.c.<\/td>\n<\/tr>\n<tr>\n<td>Yak\u0131t T\u00fcketimi (L\/sa)<\/td>\n<td>1,5<\/td>\n<\/tr>\n<tr>\n<td>Nominal Devir (d\/dk)<\/td>\n<td>3000<\/td>\n<\/tr>\n<tr>\n<td>Yak\u0131t Depo Kapasitesi (L)<\/td>\n<td>16<\/td>\n<\/tr>\n<\/tbody>\n<\/table>\n","protected":false},"excerpt":{"rendered":"<p>GENEL \u00d6ZELL\u0130KLER<\/p>\n<table width=\"223\">\n<tbody>\n<tr>\n<td width=\"159\">Standby G\u00fc\u00e7 (kW)<\/td>\n<td width=\"64\">4,5<\/td>\n<\/tr>\n<tr>\n<td>Standby G\u00fc\u00e7 (kVA)<\/td>\n<td>4,5<\/td>\n<\/tr>\n<tr>\n<td>Prime G\u00fc\u00e7 (kW)<\/td>\n<td>4,2<\/td>\n<\/tr>\n<tr>\n<td>Prime G\u00fc\u00e7 (kVA)<\/td>\n<td>4,2<\/td>\n<\/tr>\n<tr>\n<td>Standby Amper<\/td>\n<td>18<\/td>\n<\/tr>\n<tr>\n<td>Frekans (Hz)<\/td>\n<td>50<\/td>\n<\/tr>\n<tr>\n<td>Voltaj (V)<\/td>\n<td>230<\/td>\n<\/tr>\n<tr>\n<td>Faz Say\u0131s\u0131<\/td>\n<td>1<\/td>\n<\/tr>\n<tr>\n<td>Tasar\u0131m<\/td>\n<td>F\u0131r\u00e7as\u0131z, 2 kutuplu<\/td>\n<\/tr>\n<tr>\n<td>Yal\u0131t\u0131m S\u0131n\u0131f\u0131<\/td>\n<td>H<\/td>\n<\/tr>\n<\/tbody>\n<\/table>\n","protected":false},"featured_media":3183,"template":"","meta":[],"product_brand":[],"product_cat":[75,68],"product_tag":[69,76,70,73,72],"class_list":{"0":"post-3221","1":"product","2":"type-product","3":"status-publish","4":"has-post-thumbnail","6":"product_cat-diesel","7":"product_cat-portatif-jenerator","8":"product_tag-aksa","9":"product_tag-diesel","10":"product_tag-jenerator","11":"product_tag-portatif","12":"product_tag-tasinabilir","14":"first","15":"outofstock","16":"taxable","17":"shipping-taxable","18":"purchasable","19":"product-type-simple"},"_links":{"self":[{"href":"https:\/\/www.ankajenerator.com.tr\/index.php?rest_route=\/wp\/v2\/product\/3221","targetHints":{"allow":["GET"]}}],"collection":[{"href":"https:\/\/www.ankajenerator.com.tr\/index.php?rest_route=\/wp\/v2\/product"}],"about":[{"href":"https:\/\/www.ankajenerator.com.tr\/index.php?rest_route=\/wp\/v2\/types\/product"}],"wp:featuredmedia":[{"embeddable":true,"href":"https:\/\/www.ankajenerator.com.tr\/index.php?rest_route=\/wp\/v2\/media\/3183"}],"wp:attachment":[{"href":"https:\/\/www.ankajenerator.com.tr\/index.php?rest_route=%2Fwp%2Fv2%2Fmedia&parent=3221"}],"wp:term":[{"taxonomy":"product_brand","embeddable":true,"href":"https:\/\/www.ankajenerator.com.tr\/index.php?rest_route=%2Fwp%2Fv2%2Fproduct_brand&post=3221"},{"taxonomy":"product_cat","embeddable":true,"href":"https:\/\/www.ankajenerator.com.tr\/index.php?rest_route=%2Fwp%2Fv2%2Fproduct_cat&post=3221"},{"taxonomy":"product_tag","embeddable":true,"href":"https:\/\/www.ankajenerator.com.tr\/index.php?rest_route=%2Fwp%2Fv2%2Fproduct_tag&post=3221"}],"curies":[{"name":"wp","href":"https:\/\/api.w.org\/{rel}","templated":true}]}}