{"id":3480,"date":"2026-04-17T10:18:38","date_gmt":"2026-04-17T07:18:38","guid":{"rendered":"https:\/\/www.ankajenerator.com.tr\/?post_type=product&#038;p=3480"},"modified":"2026-04-17T10:26:23","modified_gmt":"2026-04-17T07:26:23","slug":"apb-7500-m","status":"publish","type":"product","link":"https:\/\/www.ankajenerator.com.tr\/?product=apb-7500-m","title":{"rendered":"APB 7500-M"},"content":{"rendered":"<p>NOM\u0130NAL G\u00dc\u00c7 (KW)\u00a0 : 5,5 KW<br \/>\nMAKS. G\u00dc\u00c7 : 6 kW<br \/>\nNOM\u0130NAL AKIM :\u00a0 25 A<br \/>\nVOLTAJ : 220 V<br \/>\nFAZ : 1<br \/>\nYAKIT TANKI : 16 LT<br \/>\nYA\u011e KAPAS\u0130TES\u0130 : 1,65 LT<br \/>\nYA\u011e T\u00dcKET\u0130M\u0130 (%100) : 1,85 LT\/SAAT<br \/>\nS\u00dcREKL\u0130 \u00c7ALI\u015eMA : 7 SAAT<br \/>\n\u00c7ALI\u015eTIRMA : ELEKTR\u0130KL\u0130 MAR\u015eLI<br \/>\nSO\u011eUTMA : HAVA SO\u011eUTMALI<br \/>\nEBATLAR : (UxGxY) 890x560x780 mm<br \/>\nA\u011eIRLIK: 160 KG<\/p>\n","protected":false},"excerpt":{"rendered":"<p>APB 7500-M Monofaze-Otomatik Hava So\u011futmal\u0131, Elektrikli mar\u015fl\u0131d\u0131r.<\/p>\n","protected":false},"featured_media":3481,"template":"redux-templates_contained","meta":[],"product_brand":[],"product_cat":[75,68],"product_tag":[81,80,82],"class_list":{"0":"post-3480","1":"product","2":"type-product","3":"status-publish","4":"has-post-thumbnail","6":"product_cat-diesel","7":"product_cat-portatif-jenerator","8":"product_tag-elektrikli-marsli","9":"product_tag-hava-sogutmali","10":"product_tag-otomatik","12":"first","13":"onbackorder","14":"taxable","15":"shipping-taxable","16":"product-type-simple"},"_links":{"self":[{"href":"https:\/\/www.ankajenerator.com.tr\/index.php?rest_route=\/wp\/v2\/product\/3480","targetHints":{"allow":["GET"]}}],"collection":[{"href":"https:\/\/www.ankajenerator.com.tr\/index.php?rest_route=\/wp\/v2\/product"}],"about":[{"href":"https:\/\/www.ankajenerator.com.tr\/index.php?rest_route=\/wp\/v2\/types\/product"}],"wp:featuredmedia":[{"embeddable":true,"href":"https:\/\/www.ankajenerator.com.tr\/index.php?rest_route=\/wp\/v2\/media\/3481"}],"wp:attachment":[{"href":"https:\/\/www.ankajenerator.com.tr\/index.php?rest_route=%2Fwp%2Fv2%2Fmedia&parent=3480"}],"wp:term":[{"taxonomy":"product_brand","embeddable":true,"href":"https:\/\/www.ankajenerator.com.tr\/index.php?rest_route=%2Fwp%2Fv2%2Fproduct_brand&post=3480"},{"taxonomy":"product_cat","embeddable":true,"href":"https:\/\/www.ankajenerator.com.tr\/index.php?rest_route=%2Fwp%2Fv2%2Fproduct_cat&post=3480"},{"taxonomy":"product_tag","embeddable":true,"href":"https:\/\/www.ankajenerator.com.tr\/index.php?rest_route=%2Fwp%2Fv2%2Fproduct_tag&post=3480"}],"curies":[{"name":"wp","href":"https:\/\/api.w.org\/{rel}","templated":true}]}}